{"id":12,"date":"2011-12-08T18:26:20","date_gmt":"2011-12-08T18:26:20","guid":{"rendered":"http:\/\/barlive.wordpress.com\/?page_id=12"},"modified":"2019-05-20T14:41:04","modified_gmt":"2019-05-20T12:41:04","slug":"laction-culturelle","status":"publish","type":"page","link":"https:\/\/www.live-asso.fr\/WordPress\/laction-culturelle\/","title":{"rendered":"Action Culturelle"},"content":{"rendered":"<div data-canvas-width=\"10.312136896108182\"><strong>Avec pour objectifs de favoriser l\u2019acc\u00e8s \u00e0 la pratique culturelle, de sensibiliser et d\u2019\u00e9veiller les publics \u00e0 la diversit\u00e9, de favoriser mixit\u00e9 et l\u2019ouverture, l\u2019action culturelle embrassent des pratiques artistiques \u00e0 la fois innovantes, traditionnelles et originales variables d\u2019ann\u00e9e en ann\u00e9e en fonction des opportunit\u00e9s et des tendances.<\/strong><\/div>\n<div data-canvas-width=\"10.312136896108182\">&nbsp;<\/div>\n<div data-canvas-width=\"10.312136896108182\">\n<div class=\"canvasWrapper\">&nbsp;<\/div>\n<div data-canvas-width=\"345.4000019694527\">Fort de ces ann\u00e9es de pratiques et du savoir fait acquis, l&#8217;Association Live a permis l\u2019\u00e9mergence d\u2019un Collectif Live pour l\u2019<strong>animation d\u2019ateliers th\u00e9matiques<\/strong> propos\u00e9s souvent dans le cadre des <strong>Temps d\u2019Activit\u00e9 P\u00e9riscolaires<\/strong>, comme le <strong>Human Beat Box<\/strong> (rythmes cr\u00e9\u00e9s \u00e0 partir de la bouche et du corps), la <strong>cr\u00e9ation musicale<\/strong> (cr\u00e9ation et enregistrement de morceaux), l\u2019<strong>\u00e9criture de texte<\/strong> et la prestation sc\u00e9nique), le <strong>Steel drum<\/strong> (atelier de percussions traditionnelles \u00e0 partir de bidon en m\u00e9tal, <strong>la Lutherie urbaine<\/strong> (cr\u00e9ation de structures musicales \u00e0 partir d\u2019objets de r\u00e9cup\u00e9ration), les <strong>musiques indiennes<\/strong>, les <strong>percussions corporelles<\/strong> ou encore les<strong> reportages vid\u00e9os<\/strong>. D\u2019autres ateliers font appel aux <strong>arts num\u00e9riques<\/strong> \/ makey-makey (d\u00e9couverte des techniques utilis\u00e9es dans les arts de la sc\u00e8ne, les arts visuels et sonores), \u00e0 la cr\u00e9ation photographique (st\u00e9nop\u00e9, cyanotype, r\u00e9alisationde photos sans outil num\u00e9rique), \u00e0 la s\u00e9rigraphie, au light painting (cr\u00e9ation de photographies via la peinture de lumi\u00e8re, et au street art.<\/div>\n<\/div>\n<div data-canvas-width=\"10.312136896108182\">&nbsp;<\/div>\n<div data-canvas-width=\"54.31217916362618\">Ainsi, pour ne citer que les derni\u00e8res actions, il a d\u00e9j\u00e0 \u00e9t\u00e9 mis en place autour d\u2019un courant artistique novateur faisant intervenir d\u2019autres domaines comme le <strong>d\u00e9veloppement durable<\/strong>, le <strong>recyclage<\/strong>, l\u2019<strong>up-cycling<\/strong> et l\u2019<strong>autoproduction<\/strong> : le \u00ab do it yourself \u00bb (<strong>apprendre \u00e0 faire soi m\u00eame<\/strong>). Cette m\u00eame action a permis de donner naissance aux \u00ab d\u00e9formations musicales \u00bb dont l\u2019objet \u00e9tait de permettre aux participants de <strong>fabriquer leurs propres \u0153uvres artistiques<\/strong> \u00e0 partir d\u2019objets d\u00e9suets et de composants \u00e9lectroniques.<\/div>\n<div class=\"canvasWrapper\">Le fil conducteur des actions culturelles reposent sur la capacit\u00e9 \u00e0 laisser une part belle \u00e0 l\u2019expression et mobilisation des habitants dans l\u2019animation et la r\u00e9gulation de leur cadre de vie, notamment sur l\u2019\u00e9volution des usages et pratiques urbaines.<\/div>\n<h3>Vous souhaitez mettre en place un projet d&#8217;action culturelle&nbsp;?<\/h3>\n<p>Contactez nous : <a href=\"mailto:contact@association-live.fr\">contact@association-live.fr<\/a><\/p>\n","protected":false},"excerpt":{"rendered":"<p>Avec pour objectifs de favoriser l\u2019acc\u00e8s \u00e0 la pratique culturelle, de sensibiliser et d\u2019\u00e9veiller les publics \u00e0 la diversit\u00e9, de favoriser mixit\u00e9 et l\u2019ouverture, l\u2019action culturelle embrassent des pratiques artistiques&#8230;<\/p>\n","protected":false},"author":12,"featured_media":0,"parent":0,"menu_order":0,"comment_status":"closed","ping_status":"closed","template":"","meta":{"footnotes":""},"class_list":["post-12","page","type-page","status-publish","hentry"],"_links":{"self":[{"href":"https:\/\/www.live-asso.fr\/WordPress\/wp-json\/wp\/v2\/pages\/12"}],"collection":[{"href":"https:\/\/www.live-asso.fr\/WordPress\/wp-json\/wp\/v2\/pages"}],"about":[{"href":"https:\/\/www.live-asso.fr\/WordPress\/wp-json\/wp\/v2\/types\/page"}],"author":[{"embeddable":true,"href":"https:\/\/www.live-asso.fr\/WordPress\/wp-json\/wp\/v2\/users\/12"}],"replies":[{"embeddable":true,"href":"https:\/\/www.live-asso.fr\/WordPress\/wp-json\/wp\/v2\/comments?post=12"}],"version-history":[{"count":14,"href":"https:\/\/www.live-asso.fr\/WordPress\/wp-json\/wp\/v2\/pages\/12\/revisions"}],"predecessor-version":[{"id":3607,"href":"https:\/\/www.live-asso.fr\/WordPress\/wp-json\/wp\/v2\/pages\/12\/revisions\/3607"}],"wp:attachment":[{"href":"https:\/\/www.live-asso.fr\/WordPress\/wp-json\/wp\/v2\/media?parent=12"}],"curies":[{"name":"wp","href":"https:\/\/api.w.org\/{rel}","templated":true}]}}