{"id":14,"date":"2011-12-08T18:27:17","date_gmt":"2011-12-08T16:27:17","guid":{"rendered":"http:\/\/barlive.wordpress.com\/?page_id=14"},"modified":"2019-10-10T18:40:31","modified_gmt":"2019-10-10T16:40:31","slug":"contacts","status":"publish","type":"page","link":"https:\/\/www.live-asso.fr\/WordPress\/contacts\/","title":{"rendered":"L&#8217;Association Live"},"content":{"rendered":"<p>Association culturelle et musicale cr\u00e9\u00e9e en 1993, l\u2019association Live repr\u00e9sente aujourd\u2019hui un acteur culturel et musical incontournable sur Roubaix et plus globalement sur la m\u00e9tropole lilloise.<\/p>\n<p>Elle se positionne comme un lieu de d\u00e9veloppement des pratiques musicales amateurs. Elle s\u2019int\u00e9resse \u00e9galement aux pratiques amateurs dans les domaines de l\u2019audiovisuel, et des arts plastiques et graphiques.<\/p>\n<p>L\u2019association Live d\u00e9veloppe son action gr\u00e2ce notamment \u00e0 un caf\u00e9-concert associatif, le Bar Live, et \u00e0 deux studios de r\u00e9p\u00e9tition.<\/p>\n<p><img loading=\"lazy\" decoding=\"async\" class=\"aligncenter size-large wp-image-1636\" src=\"https:\/\/live-asso.fr\/WordPress\/wp-content\/uploads\/2014\/11\/1-680x380.jpg\" alt=\"1\" width=\"680\" height=\"380\"><\/p>\n<p>Implant\u00e9e sur le site \u00ab Musiques Actuelles \u00bb du 301, l\u2019association Live \/ Bar Live a pour volont\u00e9 d\u2019offrir un vrai lieu d\u2019expression sc\u00e9nique, ouvert \u00e0 toutes les esth\u00e9tiques artistiques et musicales et \u00e0 tous les niveaux (amateurs, semi-professionnels et professionnels).<\/p>\n<p><img loading=\"lazy\" decoding=\"async\" class=\"aligncenter size-large wp-image-1635\" src=\"https:\/\/live-asso.fr\/WordPress\/wp-content\/uploads\/2014\/11\/42-680x380.jpg\" alt=\"42\" width=\"680\" height=\"380\"><\/p>\n<p>L\u2019association Live organise ou participe \u00e0 l\u2019organisation d\u2019\u00e9v\u00e9nements sur le territoire et d\u00e9veloppe des projets d\u2019action culturelle en direction du jeune public et des personnes les plus \u00e9loign\u00e9es de l\u2019offre culturelle traditionnelle.<\/p>\n<p>L\u2019association d\u00e9veloppe trois missions principales dans son projet culturel et artistique : la diffusion culturelle, l\u2019accompagnement de la pratique amateur et l\u2019action culturelle.<\/p>\n","protected":false},"excerpt":{"rendered":"<p>Association culturelle et musicale cr\u00e9\u00e9e en 1993, l\u2019association Live repr\u00e9sente aujourd\u2019hui un acteur culturel et musical incontournable sur Roubaix et plus globalement sur la m\u00e9tropole lilloise. Elle se positionne comme&#8230;<\/p>\n","protected":false},"author":12,"featured_media":0,"parent":0,"menu_order":0,"comment_status":"closed","ping_status":"closed","template":"","meta":{"footnotes":""},"class_list":["post-14","page","type-page","status-publish","hentry"],"_links":{"self":[{"href":"https:\/\/www.live-asso.fr\/WordPress\/wp-json\/wp\/v2\/pages\/14"}],"collection":[{"href":"https:\/\/www.live-asso.fr\/WordPress\/wp-json\/wp\/v2\/pages"}],"about":[{"href":"https:\/\/www.live-asso.fr\/WordPress\/wp-json\/wp\/v2\/types\/page"}],"author":[{"embeddable":true,"href":"https:\/\/www.live-asso.fr\/WordPress\/wp-json\/wp\/v2\/users\/12"}],"replies":[{"embeddable":true,"href":"https:\/\/www.live-asso.fr\/WordPress\/wp-json\/wp\/v2\/comments?post=14"}],"version-history":[{"count":30,"href":"https:\/\/www.live-asso.fr\/WordPress\/wp-json\/wp\/v2\/pages\/14\/revisions"}],"predecessor-version":[{"id":4196,"href":"https:\/\/www.live-asso.fr\/WordPress\/wp-json\/wp\/v2\/pages\/14\/revisions\/4196"}],"wp:attachment":[{"href":"https:\/\/www.live-asso.fr\/WordPress\/wp-json\/wp\/v2\/media?parent=14"}],"curies":[{"name":"wp","href":"https:\/\/api.w.org\/{rel}","templated":true}]}}