{"id":1578,"date":"2014-10-03T20:18:04","date_gmt":"2014-10-03T20:18:04","guid":{"rendered":"http:\/\/live-asso.fr\/WordPress\/?page_id=1578"},"modified":"2019-07-09T15:21:46","modified_gmt":"2019-07-09T13:21:46","slug":"contact","status":"publish","type":"page","link":"https:\/\/www.live-asso.fr\/WordPress\/contact\/","title":{"rendered":"Contact"},"content":{"rendered":"<p>Pour toute demande, merci d&#8217;envoyer votre demande \u00e0 <a href=\"mailto:contact@association-live.fr\">contact@association-live.fr<\/a><\/p>\n<p>Pour toute demande li\u00e9e \u00e0 la programmation, merci d&#8217;envoyer votre demande \u00e0 <a href=\"mailto:programmation@association-live.fr\">programmation@association-live.fr<\/a><\/p>\n<h3>Infos pratiques<\/h3>\n<p>Association Live \/ Bar Live<br \/>\n301, avenue des Nations Unies<br \/>\n59100 Roubaix<\/p>\n<p>03 20 80 75 35<\/p>\n<h3><\/h3>\n<h3>Horaires<\/h3>\n<h5>Bar Live<\/h5>\n<p>Ouverture d\u00e8s <strong>18h<\/strong> les lundis, mercredis, jeudis, vendredis<\/p>\n<p>Ouverture d\u00e8s <strong>20h<\/strong> les soirs d\u2019\u00e9v\u00e9nements<\/p>\n<h5>Bureaux de l\u2019Association<strong><br \/>\n<\/strong><\/h5>\n<p>Ouvert de <strong>10h \u00e0 18h<\/strong> du lundi au vendredi<\/p>\n<h5>Fermetures annuelles<\/h5>\n<p>Vacances de No\u00ebl et vacances d\u2019\u00e9t\u00e9.<\/p>\n<h3><\/h3>\n<h3>Comment vous rendre \u00e0 Live<strong><br \/>\n<\/strong><\/h3>\n<p><strong>M\u00e9tro :<\/strong> Ligne 2, arr\u00eats Eurot\u00e9l\u00e9port ou Roubaix Grand Place <em>(dernier m\u00e9tro : 00h10)<\/em><\/p>\n<p><strong>Tramway :<\/strong> Eurot\u00e9l\u00e9port<em> (dernier tramway : 00h00 (semaine) \/ 00h10 (samedi))<\/em><\/p>\n<p><strong>Bus :<\/strong> Liane 3, arr\u00eat Nations Unies (\u00e0 notre porte !)<\/p>\n<p><strong>Voiture\u00a0:<\/strong> Voie Rapide sortie N10, puis Roubaix Centre<\/p>\n<p><iframe loading=\"lazy\" style=\"border: 0;\" src=\"https:\/\/www.google.com\/maps\/embed?pb=!1m18!1m12!1m3!1d2527.4028202227337!2d3.17406231574021!3d50.69390897950971!2m3!1f0!2f0!3f0!3m2!1i1024!2i768!4f13.1!3m3!1m2!1s0x0%3A0x80cd205e0bb25ebd!2sBar+Live!5e0!3m2!1sfr!2sus!4v1491306873816\" width=\"645\" height=\"450\" frameborder=\"0\" allowfullscreen=\"allowfullscreen\"><\/iframe><\/p>\n","protected":false},"excerpt":{"rendered":"<p>Pour toute demande, merci d&#8217;envoyer votre demande \u00e0 contact@association-live.fr Pour toute demande li\u00e9e \u00e0 la programmation, merci d&#8217;envoyer votre demande \u00e0 programmation@association-live.fr Infos pratiques Association Live \/ Bar Live 301,&#8230;<\/p>\n","protected":false},"author":12,"featured_media":0,"parent":0,"menu_order":0,"comment_status":"open","ping_status":"open","template":"","meta":{"footnotes":""},"class_list":["post-1578","page","type-page","status-publish","hentry"],"_links":{"self":[{"href":"https:\/\/www.live-asso.fr\/WordPress\/wp-json\/wp\/v2\/pages\/1578"}],"collection":[{"href":"https:\/\/www.live-asso.fr\/WordPress\/wp-json\/wp\/v2\/pages"}],"about":[{"href":"https:\/\/www.live-asso.fr\/WordPress\/wp-json\/wp\/v2\/types\/page"}],"author":[{"embeddable":true,"href":"https:\/\/www.live-asso.fr\/WordPress\/wp-json\/wp\/v2\/users\/12"}],"replies":[{"embeddable":true,"href":"https:\/\/www.live-asso.fr\/WordPress\/wp-json\/wp\/v2\/comments?post=1578"}],"version-history":[{"count":24,"href":"https:\/\/www.live-asso.fr\/WordPress\/wp-json\/wp\/v2\/pages\/1578\/revisions"}],"predecessor-version":[{"id":3843,"href":"https:\/\/www.live-asso.fr\/WordPress\/wp-json\/wp\/v2\/pages\/1578\/revisions\/3843"}],"wp:attachment":[{"href":"https:\/\/www.live-asso.fr\/WordPress\/wp-json\/wp\/v2\/media?parent=1578"}],"curies":[{"name":"wp","href":"https:\/\/api.w.org\/{rel}","templated":true}]}}