{"id":2954,"date":"2017-06-06T15:37:34","date_gmt":"2017-06-06T15:37:34","guid":{"rendered":"http:\/\/live-asso.fr\/WordPress\/?page_id=2954"},"modified":"2020-03-02T12:16:52","modified_gmt":"2020-03-02T10:16:52","slug":"intervenante-ateliers","status":"publish","type":"page","link":"https:\/\/www.live-asso.fr\/WordPress\/emplois-stages-benevolat\/intervenante-ateliers\/","title":{"rendered":"Intervenant\u00b7e ateliers"},"content":{"rendered":"<p>L\u2019association Live, dans le cadre d\u2019ateliers culturels (Rythmes scolaires, ateliers ponctuels, etc.), est r\u00e9guli\u00e8rement \u00e0 la recherche de nouveaux intervenants, que ce soit dans le domaine musical, graphique, activit\u00e9s manuelles innovantes.<\/p>\n<p>Merci d\u2019envoyer votre CV accompagn\u00e9 d\u2019une lettre de motivation \u00e0 l\u2019attention de M. Karim MRAINI par email ou voie postale :<\/p>\n<p>Association Live \/ Bar Live<br \/>\n301 avenue des Nations Unies<br \/>\n59100 Roubaix<br \/>\n<a href=\"mailto:administration@association-live.fr\">administration@association-live.fr<\/a><\/p>\n<p>03 20 80 75 35<\/p>\n","protected":false},"excerpt":{"rendered":"<p>L\u2019association Live, dans le cadre d\u2019ateliers culturels (Rythmes scolaires, ateliers ponctuels, etc.), est r\u00e9guli\u00e8rement \u00e0 la recherche de nouveaux intervenants, que ce soit dans le domaine musical, graphique, activit\u00e9s manuelles&#8230;<\/p>\n","protected":false},"author":12,"featured_media":0,"parent":901,"menu_order":0,"comment_status":"closed","ping_status":"closed","template":"","meta":{"footnotes":""},"class_list":["post-2954","page","type-page","status-publish","hentry"],"_links":{"self":[{"href":"https:\/\/www.live-asso.fr\/WordPress\/wp-json\/wp\/v2\/pages\/2954"}],"collection":[{"href":"https:\/\/www.live-asso.fr\/WordPress\/wp-json\/wp\/v2\/pages"}],"about":[{"href":"https:\/\/www.live-asso.fr\/WordPress\/wp-json\/wp\/v2\/types\/page"}],"author":[{"embeddable":true,"href":"https:\/\/www.live-asso.fr\/WordPress\/wp-json\/wp\/v2\/users\/12"}],"replies":[{"embeddable":true,"href":"https:\/\/www.live-asso.fr\/WordPress\/wp-json\/wp\/v2\/comments?post=2954"}],"version-history":[{"count":9,"href":"https:\/\/www.live-asso.fr\/WordPress\/wp-json\/wp\/v2\/pages\/2954\/revisions"}],"predecessor-version":[{"id":4547,"href":"https:\/\/www.live-asso.fr\/WordPress\/wp-json\/wp\/v2\/pages\/2954\/revisions\/4547"}],"up":[{"embeddable":true,"href":"https:\/\/www.live-asso.fr\/WordPress\/wp-json\/wp\/v2\/pages\/901"}],"wp:attachment":[{"href":"https:\/\/www.live-asso.fr\/WordPress\/wp-json\/wp\/v2\/media?parent=2954"}],"curies":[{"name":"wp","href":"https:\/\/api.w.org\/{rel}","templated":true}]}}