{"id":3801,"date":"2019-07-03T17:33:27","date_gmt":"2019-07-03T15:33:27","guid":{"rendered":"http:\/\/localhost:8888\/WordPress\/?page_id=3801"},"modified":"2019-07-29T12:55:12","modified_gmt":"2019-07-29T10:55:12","slug":"politique-de-confidentialite","status":"publish","type":"page","link":"https:\/\/www.live-asso.fr\/WordPress\/politique-de-confidentialite\/","title":{"rendered":"Politique de confidentialit\u00e9"},"content":{"rendered":"\n<h3 class=\"wp-block-heading\" id=\"1916090978\"><a href=\"http:\/\/association-live.fr\/\">http:\/\/association-live.fr\/<\/a><strong> &#8211;  Politique de confidentialit\u00e9&nbsp;<\/strong><\/h3>\n\n\n\n<h4 class=\"wp-block-heading\" id=\"1303079183\">Introduction<\/h4>\n\n\n\n<p> La pr\u00e9sente Politique de confidentialit\u00e9 d\u00e9crit les pratiques de l&#8217;Association Live \/ Bar Live  (\u00ab <strong>nous<\/strong> \u00bb, \u00ab <strong>notre \/ nos<\/strong>\u00a0\u00bb ou \u00ab <strong>l&#8217;Association<\/strong> \u00bb) concernant les informations collect\u00e9es aupr\u00e8s des utilisateurs qui acc\u00e8dent \u00e0 notre site web \u00e0 l&#8217;adresse <a href=\"http:\/\/association-live.fr\/\">http:\/\/association-live.fr\/<\/a>  (\u00ab <strong>Site<\/strong> \u00bb) ou qui partagent des informations personnelles avec nous (conjointement\u00a0: \u00ab <strong>les Utilisateurs<\/strong> \u00bb).<br><\/p>\n\n\n\n<p>Autorit\u00e9  responsable au sens des lois sur la protection des donn\u00e9es, en  particulier le R\u00e8glement g\u00e9n\u00e9ral sur la protection des donn\u00e9es (RGPD)\u00a0: Monsieur Messaoud FERKIOUI.\u00a0 <\/p>\n\n\n\n<h4 class=\"wp-block-heading\" id=\"1692181153\">Droits des utilisateurs<\/h4>\n\n\n\n<p> Vous pouvez demander \u00e0&nbsp;:&nbsp;<\/p>\n\n\n\n<ol class=\"wp-block-list\"><li>Recevoir\n une confirmation du traitement des informations personnelles vous \nconcernant (ou un avis de non-traitement de vos informations \npersonnelles, le cas \u00e9ch\u00e9ant) et acc\u00e9der \u00e0 vos informations personnelles\n stock\u00e9es, ainsi qu&#8217;\u00e0 des informations suppl\u00e9mentaires.&nbsp;<br><\/li><li>Recevoir\n une copie des informations personnelles que vous nous avez fournies \nvolontairement dans un format structur\u00e9, couramment utilis\u00e9 et lisible \npar un ordinateur.&nbsp;<br><\/li><li>Demander la rectification de vos informations personnelles que nous stockons.<br><\/li><li>Demander la suppression de vos informations personnelles.&nbsp;<br><\/li><li>Refuser le traitement de vos informations personnelles.&nbsp;<br><\/li><li>Demander que nous limitions le traitement de vos informations personnelles.<br><\/li><li>D\u00e9poser une plainte aupr\u00e8s d&#8217;une autorit\u00e9 de surveillance.<br><\/li><\/ol>\n\n\n\n<p>Veuillez  noter cependant que ces droits ne sont pas absolus et peuvent \u00eatre  soumis \u00e0 nos propres int\u00e9r\u00eats l\u00e9gitimes et exigences r\u00e9glementaires.&nbsp;<br><\/p>\n\n\n\n<p>Si  vous souhaitez exercer l&#8217;un des droits susmentionn\u00e9s ou recevoir plus  d&#8217;informations, veuillez contacter notre d\u00e9l\u00e9gu\u00e9 \u00e0 la protection des  donn\u00e9es \u00e0 l&#8217;aide des informations fournies ci-dessous&nbsp;:<\/p>\n\n\n\n<p>Par voie \u00e9lectronique : <a href=\"mailto:contact@association-live.fr\">contact@association-live.fr<\/a><\/p>\n\n\n\n<p>Par voie postale : Association Live \/ Bar Live &#8211; Service D.P.O &#8211; 301 avenue des Nations Unies &#8211; 59100 Roubaix<br><\/p>\n\n\n\n<h4 class=\"wp-block-heading\" id=\"1489063923\">Conservation<\/h4>\n\n\n\n<p> Nous\n conserverons vos informations personnelles aussi longtemps que \nn\u00e9cessaire pour fournir nos services, et si n\u00e9cessaire pour respecter \nnos obligations l\u00e9gales, r\u00e9soudre des litiges et faire appliquer nos \npolitiques. Les dur\u00e9es de conservation seront d\u00e9termin\u00e9es selon le type \nd&#8217;informations collect\u00e9es et l&#8217;objectif de leur collecte, compte tenu \ndes exigences applicables \u00e0 la situation et le besoin de d\u00e9truire des \ninformations obsol\u00e8tes et non utilis\u00e9es dans les meilleurs d\u00e9lais. En \nvertu des lois et des r\u00e8glements en vigueur, nous conserverons des \narchives contenant les renseignements personnels du client, les \ndocuments d&#8217;ouverture du compte, les communications et toute autre \ninformation requise.&nbsp;<br>Nous\n pouvons rectifier, compl\u00e9ter ou supprimer des informations incompl\u00e8tes \nou incorrectes, \u00e0 tout moment et \u00e0 notre seule discr\u00e9tion. <\/p>\n\n\n\n<h4 class=\"wp-block-heading\" id=\"1902293774\">Raisons de la collecte de donn\u00e9es&nbsp;<\/h4>\n\n\n\n<p> Le  traitement de vos informations personnelles (c&#8217;est-a-dire toute  information qui pourrait potentiellement permettre votre identification  par des moyens raisonnables\u00a0; ci-apr\u00e8s \u00ab <strong>Informations personnelles<\/strong> \u00bb)  est n\u00e9cessaire pour l&#8217;ex\u00e9cution de nos obligations contractuelles  envers vous et pour vous fournir nos services, prot\u00e9ger nos int\u00e9r\u00eats  l\u00e9gitimes et respecter les obligations r\u00e9glementaires (l\u00e9gales et  financi\u00e8res) auxquelles nous sommes soumis.<br>Lorsque  vous utilisez le Site, vous acceptez la collecte, le stockage,  l&#8217;utilisation, la divulgation et d&#8217;autres utilisations de vos  Informations personnelles comme pr\u00e9vu dans la pr\u00e9sente Politique de  confidentialit\u00e9.<br>Nous encourageons nos  Utilisateurs \u00e0 lire attentivement la Politique de confidentialit\u00e9 et \u00e0  l&#8217;utiliser pour prendre des d\u00e9cisions \u00e9clair\u00e9es.\u00a0 <\/p>\n\n\n\n<h4 class=\"wp-block-heading\" id=\"1127178348\">Quelles informations recueillons-nous&nbsp;?<\/h4>\n\n\n\n<p>Nous recueillons deux types de donn\u00e9es et d&#8217;informations concernant nos Utilisateurs.<\/p>\n\n\n\n<p>Le  premier type regroupe les informations non-identifi\u00e9es et ne permettant  pas d&#8217;identification qui concernent un ou plusieurs Utilisateurs, et  qui peuvent \u00eatre mises \u00e0 notre disposition ou collect\u00e9es du fait de leur  utilisation du Site (\u00ab&nbsp;<strong>Informations non personnelles<\/strong>&nbsp;\u00bb).  Nous ne connaissons pas l&#8217;identit\u00e9 des Utilisateurs aupr\u00e8s desquels ces  informations non personnelles ont \u00e9t\u00e9 collect\u00e9es. Les informations non  personnelles qui sont collect\u00e9es peuvent inclure vos informations  d&#8217;utilisation agr\u00e9g\u00e9es et des informations techniques transmises par  votre appareil, notamment certaines informations relatives aux logiciels  et aux mat\u00e9riels informatiques (par ex.&nbsp;: le type de navigateur et de  syst\u00e8me d&#8217;exploitation que votre appareil utilise, les param\u00e8tres de  langue, l&#8217;heure d&#8217;acc\u00e8s, etc.) afin d&#8217;am\u00e9liorer la fonctionnalit\u00e9 de  notre Site. Nous pouvons \u00e9galement recueillir des informations  concernant votre activit\u00e9 sur le Site (par ex.&nbsp;: les pages consult\u00e9es,  la navigation en ligne, les clics, les actions, etc.).<br><\/p>\n\n\n\n<p>Le second type regroupe les <strong>Informations personnelles<\/strong>   c&#8217;est \u00e0 dire des informations d&#8217;identification individuelle, qui  identifient un individu ou qui sont susceptibles, par des moyens  raisonnables, de permettre l&#8217;identification d&#8217;un individu. Ces  informations incluent&nbsp;:<\/p>\n\n\n\n<ul class=\"wp-block-list\"><li>Les  informations sur l&#8217;appareil\u00a0: nous collectons des Informations  personnelles sur votre appareil qui incluent les donn\u00e9es de  g\u00e9olocalisation, l&#8217;adresse IP, les identifiants uniques (par ex.\u00a0:  adresse MAC et UUID) et d&#8217;autres informations relatives \u00e0 votre activit\u00e9  sur le Site.<br><\/li><li>Les  informations d&#8217;adh\u00e9sion : lorsque vous adh\u00e9rez au Bar Live (en tant qu&#8217;adh\u00e9rent au Bar ou en tant qu&#8217;adh\u00e9rent aux studios de r\u00e9p\u00e9tition), nous r\u00e9coltons certains renseignements : nom, pr\u00e9nom, sexe, ann\u00e9e de naissance, ville de r\u00e9sidence et adresse e-mail. Pour un groupe en r\u00e9p\u00e9tition, nous stockons \u00e9galement le nom du groupe et son esth\u00e9tique musicale.<\/li><\/ul>\n\n\n\n<h4 class=\"wp-block-heading\" id=\"1651675547\">Comment recevons-nous les informations vous concernant&nbsp;?<\/h4>\n\n\n\n<p> Vos Informations personnelles sont collect\u00e9es de plusieurs fa\u00e7ons&nbsp;:<\/p>\n\n\n\n<ul class=\"wp-block-list\"><li>Lorsque vous fournissez volontairement vos donn\u00e9es personnelles en adh\u00e9rent au Bar Live ;<\/li><li>Lorsque vous utilisez notre Site ou y acc\u00e9dez en rapport avec votre utilisation de nos services\u00a0;<\/li><li>\u00c0 partir de fournisseurs, de services et de registres publics tiers (par exemple\u00a0: des fournisseurs d&#8217;analyse du trafic).<\/li><\/ul>\n\n\n\n<h4 class=\"wp-block-heading\" id=\"1970988313\">Comment ces informations sont-elles utilis\u00e9es&nbsp;? Avec qui partageons-nous ces informations&nbsp;?<\/h4>\n\n\n\n<p>Nous  ne louons pas, ne vendons pas ni ne partageons les informations des  Utilisateurs avec des tiers, sauf tel que d\u00e9crit dans la pr\u00e9sente Politique de confidentialit\u00e9.<br>Nous pouvons utiliser les informations pour les raisons suivantes\u00a0:<\/p>\n\n\n\n<ul class=\"wp-block-list\"><li>Communiquer  avec vous\u00a0: en vous envoyant des messages concernant nos services, en  vous fournissant des informations techniques et en r\u00e9pondant \u00e0 toute  question relative au service client que vous pouvez poser\u00a0;<\/li><li>Communiquer avec vous et vous informer des derni\u00e8res mises \u00e0 jour et des nouveaux services\u00a0;<\/li><li>Vous pr\u00e9senter des publicit\u00e9s lorsque vous utilisez notre Site (voir la section \u00ab Publicit\u00e9s \u00bb pour en savoir plus)\u00a0; <\/li><li>Promouvoir nos sites web et nos produits (voir la section \u00ab\u00a0Marketing\u00a0\u00bb pour en savoir plus) ;<\/li><li>Mener des enqu\u00eates statistiques et analytiques afin d&#8217;am\u00e9liorer le Site.<\/li><\/ul>\n\n\n\n<p>Outre\n les diff\u00e9rentes utilisations mentionn\u00e9es ci-dessus, nous pouvons \ntransf\u00e9rer ou divulguer les Informations personnelles \u00e0 nos filiales, \nsoci\u00e9t\u00e9s affili\u00e9es et sous-traitants.<br>Outre\n les raisons mentionn\u00e9es dans la pr\u00e9sente Politique de confidentialit\u00e9, \nnous pouvons partager les Informations personnelles avec des \nfournisseurs tiers de confiance (qui peuvent d\u00e9pendre de diff\u00e9rentes \njuridictions dans le monde), pour les raisons suivantes&nbsp;:&nbsp;<\/p>\n\n\n\n<ul class=\"wp-block-list\"><li>H\u00e9berger et exploiter notre Site\u00a0;<\/li><li>Vous fournir nos services, notamment un affichage personnalis\u00e9 de notre Site\u00a0;<\/li><li>Stocker et traiter lesdites informations en notre nom ;<\/li><li>Vous  pr\u00e9senter des publicit\u00e9s et nous aider \u00e0 \u00e9valuer la r\u00e9ussite de nos  campagnes publicitaires pour nous permettre de recibler nos utilisateurs  (le cas \u00e9ch\u00e9ant)\u00a0;<\/li><li>Vous proposer des offres marketing et du contenu promotionnel relatifs \u00e0 notre Site et nos services ;<\/li><li>R\u00e9aliser des recherches, des diagnostics techniques ou analytiques.<\/li><\/ul>\n\n\n\n<p>Nous  pouvons \u00e9galement divulguer les informations si nous croyons de bonne  foi que la divulgation de ces informations est utile ou raisonnablement  n\u00e9cessaire pour&nbsp;: <\/p>\n\n\n\n<ul class=\"wp-block-list\"><li>Respecter la loi, le r\u00e8glement, la proc\u00e9dure  judiciaire en vigueur ou une requ\u00eate du gouvernement\u00a0;<\/li><li>Faire appliquer nos politiques (y compris notre politique de confidentialit\u00e9),  notamment les enqu\u00eates sur des violations potentielles de celles-ci\u00a0;<\/li><li>Rechercher, d\u00e9tecter, emp\u00eacher ou prendre des mesures contre des  cas de fraude pr\u00e9sum\u00e9s ou les probl\u00e8mes de s\u00e9curit\u00e9\u00a0;<\/li><li>Etablir ou  exercer nos droits \u00e0 nous d\u00e9fendre contre toute r\u00e9clamation l\u00e9gale\u00a0; <\/li><li>Emp\u00eacher l&#8217;atteinte aux droits, \u00e0 la propri\u00e9t\u00e9 ou \u00e0 la s\u00e9curit\u00e9 de  notre entreprise, de nos utilisateurs, de vous-m\u00eames ou de toute partie  tierce\u00a0; ou <\/li><li>Aux fins de collaborer avec les forces de l&#8217;ordre,  et\/ou dans le cas o\u00f9 nous estimons que c&#8217;est n\u00e9cessaire, afin d&#8217;exercer  la propri\u00e9t\u00e9 intellectuelle ou d&#8217;autres droits juridiques. <\/li><\/ul>\n\n\n\n<h4 class=\"wp-block-heading\" id=\"1095182628\">Cookies<\/h4>\n\n\n\n<p>Nos partenaires de confiance et nous-m\u00eames utilisons des cookies et  d&#8217;autres technologies dans nos services connexes, y compris lorsque vous  visitez notre Site ou acc\u00e9dez \u00e0 nos services.\u00a0<br>Un \u00ab cookie\u00a0\u00bb est un petit fragment d&#8217;information qu&#8217;un site web attribue \u00e0  votre appareil lors de votre consultation du site. Les cookies sont tr\u00e8s  utiles et leur utilisation peut avoir diff\u00e9rents objectifs, notamment  de vous permettre de naviguer efficacement d&#8217;une page \u00e0 l&#8217;autre,  d&#8217;autoriser l&#8217;activation automatique de certaines fonctionnalit\u00e9s, de  m\u00e9moriser vos pr\u00e9f\u00e9rences et de vous permettre d&#8217;interagir avec nos  Services plus rapidement et plus simplement. Les cookies sont \u00e9galement  utilis\u00e9s pour faire en sorte que les publicit\u00e9s que vous voyez  correspondent \u00e0 vos int\u00e9r\u00eats et soient personnalis\u00e9es en cons\u00e9quence,  ainsi que pour compiler des donn\u00e9es statistiques sur votre utilisation  de nos Services.\u00a0<br>Le Site utilise les types de cookies suivants\u00a0:<br><strong>a. Les \u00ab\u00a0cookies de session\u00a0\u00bb<\/strong> qui sont conserv\u00e9s uniquement de fa\u00e7on temporaire lors de votre session  de navigation afin de permettre une utilisation normale du syst\u00e8me, et  sont supprim\u00e9s de votre appareil lorsque vous fermez le navigateur\u00a0;\u00a0<br><strong>b. Les \u00ab\u00a0cookies persistants<\/strong>\u00a0\u00bb qui ne sont lus que par le Site, qui sont enregistr\u00e9s sur votre  ordinateur pour une dur\u00e9e d\u00e9termin\u00e9e et ne sont pas supprim\u00e9s lorsque le  navigateur est ferm\u00e9. Ces cookies sont utilis\u00e9s lorsque nous devons  vous reconnaitre lors de visites r\u00e9p\u00e9t\u00e9es, par exemple, pour nous  permettre de conserver vos pr\u00e9f\u00e9rences lors de votre prochaine  connexion\u00a0;\u00a0<br><strong>c. Les cookies \u00ab\u00a0tiers\u00a0\u00bb<\/strong> qui sont mis en place par d&#8217;autres services en ligne qui g\u00e8rent du  contenu sur la page que vous consultez, par exemple, par les soci\u00e9t\u00e9s  d&#8217;analyse tierces qui surveillent et analysent notre acc\u00e8s web.<br>Les  cookies ne contiennent aucune information permettant de vous identifier  personnellement, mais nous pouvons associer les Informations  personnelles vous concernant que nous stockons aux informations stock\u00e9es  et obtenues par les cookies. Vous pouvez supprimer les cookies en  suivant les instructions dans les pr\u00e9f\u00e9rences de votre appareil. Sachez  toutefois que si vous choisissez de d\u00e9sactiver les cookies, certaines  fonctionnalit\u00e9s de notre Site pourront ne pas fonctionner correctement  et votre exp\u00e9rience en ligne pourrait \u00eatre limit\u00e9e.<\/p>\n\n\n\n<h4 class=\"wp-block-heading\" id=\"1526418627\">Utilisation des biblioth\u00e8ques de scripts (Google Fonts)<\/h4>\n\n\n\n<p>Afin  de pr\u00e9senter nos contenus de fa\u00e7on agr\u00e9able et avec une bonne qualit\u00e9  graphique sur tous les navigateurs, nous utilisons dans ce site web des  biblioth\u00e8ques de scripts et de polices comme Google Fonts (<a rel=\"noreferrer noopener\" href=\"https:\/\/www.google.com\/webfonts\" target=\"_blank\">https:\/\/www.google.com\/webfonts<\/a>).  Les polices de Google Fonts sont transf\u00e9r\u00e9es sur le cache de votre  navigateur afin d&#8217;\u00e9viter les chargements multiples. Si votre navigateur  ne prend pas en charge les polices Google Fonts ou bloque leur acc\u00e8s,  les contenus seront affich\u00e9s en utilisant la police par d\u00e9faut.&nbsp;<\/p>\n\n\n\n<ul class=\"wp-block-list\"><li>Toute  requ\u00eate vers une biblioth\u00e8que de scripts ou de polices d\u00e9clenche  automatiquement une connexion avec l&#8217;op\u00e9rateur de ladite biblioth\u00e8que.  S&#8217;il est en th\u00e9orie possible que les op\u00e9rateurs des biblioth\u00e8ques  collectent des donn\u00e9es, l&#8217;existence de cette pratique et, le cas  \u00e9ch\u00e9ant, les buts poursuivis n&#8217;ont pas encore pu \u00eatre \u00e9tablis.<\/li><li>Si  vous souhaitez consulter la politique de confidentialit\u00e9 de l&#8217;op\u00e9rateur  de biblioth\u00e8que Google, acc\u00e9dez \u00e0 l&#8217;adresse suivante&nbsp;: <a rel=\"noreferrer noopener\" href=\"https:\/\/www.google.com\/policies\/privacy\" target=\"_blank\">https:\/\/www.google.com\/policies\/privacy<\/a>.<\/li><\/ul>\n\n\n\n<h4 class=\"wp-block-heading\" id=\"1507676094\">Collecte d&#8217;informations par des tiers<\/h4>\n\n\n\n<p>Notre  politique concerne uniquement l&#8217;utilisation et la divulgation des  informations que nous collectons aupr\u00e8s de vous. Dans la mesure o\u00f9 vous  divulguez vos informations \u00e0 d&#8217;autres parties ou sites sur Internet, des  r\u00e8gles diff\u00e9rentes peuvent s&#8217;appliquer \u00e0 leur utilisation ou \u00e0 leur  divulgation. Par cons\u00e9quent, nous vous encourageons \u00e0 lire les  conditions d&#8217;utilisation et la politique de confidentialit\u00e9 de chaque  partie tierce \u00e0 laquelle vous divulguez volontairement vos  informations.&nbsp;<br>La  pr\u00e9sente Politique de confidentialit\u00e9 ne s&#8217;applique pas aux pratiques  des soci\u00e9t\u00e9s dont nous ne sommes pas propri\u00e9taires et que nous ne  contr\u00f4lons pas, ni aux individus que nous n&#8217;employons pas ni ne g\u00e9rons,  notamment toute partie tierce \u00e0 laquelle nous pouvons divulguer vos  informations comme indiqu\u00e9 par la pr\u00e9sente Politique de  confidentialit\u00e9.&nbsp; <\/p>\n\n\n\n<h4 class=\"wp-block-heading\" id=\"1604837267\">Comment prot\u00e9geons-nous vos informations&nbsp;?<\/h4>\n\n\n\n<p>Nous accordons une grande attention \u00e0 la mise en \u0153uvre et au maintien de la s\u00e9curit\u00e9 du Site et de vos informations. Nous  utilisons des proc\u00e9dures standard du secteur pour garantir la s\u00e9curit\u00e9  des informations que nous collectons et stockons, et pour emp\u00eacher  l&#8217;utilisation non autoris\u00e9e de celles-ci. Nous exigeons que les tiers  respectent des exigences de s\u00e9curit\u00e9 similaires, conform\u00e9ment \u00e0 la  pr\u00e9sente Politique de confidentialit\u00e9. Bien que nous mettions en  \u0153uvre des mesures raisonnables pour prot\u00e9ger les informations, nous ne  pouvons pas \u00eatre tenus responsables des actes de personnes qui  obtiennent un acc\u00e8s non autoris\u00e9 ou abusent de notre Site, et nous  n&#8217;offrons aucune garantie formelle, implicite ou autre, d&#8217;emp\u00eacher un  tel acc\u00e8s. <\/p>\n\n\n\n<h4 class=\"wp-block-heading\" id=\"1943112316\">Transfert des donn\u00e9es en dehors de l&#8217;EEE&nbsp;<\/h4>\n\n\n\n<p>Veuillez  noter que certains destinataires de donn\u00e9es peuvent se trouver en  dehors de l&#8217;Espace \u00e9conomique europ\u00e9en (EEE). Dans de tels cas, nous  transf\u00e9rerons vos donn\u00e9es auxdits pays uniquement tel qu&#8217;approuv\u00e9 par la  Commission europ\u00e9enne en fournissant le niveau ad\u00e9quat de protection  des donn\u00e9es, ou nous \u00e9tablirons des accords juridiques garantissant un  niveau ad\u00e9quat de protection des donn\u00e9es. <\/p>\n\n\n\n<h4 class=\"wp-block-heading\" id=\"1835719266\">Publicit\u00e9s<\/h4>\n\n\n\n<p>Nous  pouvons utiliser une technologie publicitaire tierce pour diffuser des  publicit\u00e9s lorsque vous acc\u00e9dez au Site. Cette technologie utilise les  informations relatives \u00e0 votre utilisation des Services pour diffuser  des publicit\u00e9s qui vous sont destin\u00e9es (par exemple, en pla\u00e7ant des  cookies tiers sur votre navigateur web).\u00a0<br>Vous  pouvez vous d\u00e9sabonner de nombreux r\u00e9seaux publicitaires tiers, y  compris ceux exploit\u00e9s par les membres de Network Advertising Initiative  (\u00ab NAI \u00bb) et de Digital Advertising Alliance (\u00ab DAA \u00bb). Pour obtenir plus  d&#8217;informations aupr\u00e8s des membres de NAI et de DAA sur cette pratique et  sur vos choix concernant l&#8217;utilisation de ces informations par ces  soci\u00e9t\u00e9s, notamment comment se d\u00e9sabonner des r\u00e9seaux publicitaires  tiers exploit\u00e9s par les membres de NAI et de DAA, veuillez consulter  leurs sites web respectifs\u00a0: <a href=\"http:\/\/optout.networkadvertising.org\/#!\/\">http:\/\/optout.networkadvertising.org\/#!\/<\/a> et <a href=\"http:\/\/optout.aboutads.info\/#!\/\">http:\/\/optout.aboutads.info\/#!\/<\/a>. <\/p>\n\n\n\n<h4 class=\"wp-block-heading\" id=\"1615284184\">Marketing<\/h4>\n\n\n\n<p>Nous  pouvons utiliser vos Informations personnelles, notamment votre nom,  votre adresse e-mail, votre num\u00e9ro de t\u00e9l\u00e9phone, etc., nous-m\u00eames ou par  le biais de sous-traitants afin de vous fournir du contenu promotionnel  concernant les services qui, selon nous, pourraient vous int\u00e9resser.<br>Par  respect pour votre droit \u00e0 la vie priv\u00e9e, nous incluons dans ce contenu  promotionnel les moyens de refuser de recevoir de nouvelles offres  promotionnelles de notre part. Si vous vous d\u00e9sabonnez, nous  supprimerons votre adresse e-mail ou votre num\u00e9ro de t\u00e9l\u00e9phone de nos  listes de distribution marketing.&nbsp;<br>Veuillez  noter que m\u00eame si vous vous d\u00e9sabonnez afin de ne plus recevoir  d&#8217;e-mails marketing de notre part, nous pouvons vous envoyer d&#8217;autres  types de communications importantes par e-mail sans vous donner la  possibilit\u00e9 de vous d\u00e9sabonner. Celles-ci peuvent inclure des messages  du service client ou des notifications administratives. <\/p>\n\n\n\n<h4 class=\"wp-block-heading\" id=\"1059000972\">Transaction d&#8217;entreprise<\/h4>\n\n\n\n<p>Nous  pouvons partager des informations dans le cas d&#8217;une transaction  commerciale (par ex.\u00a0: la vente d&#8217;une partie importante de notre  entreprise, la fusion, la consolidation ou la vente d&#8217;actifs). Dans les  cas mentionn\u00e9s pr\u00e9c\u00e9demment, le b\u00e9n\u00e9ficiaire ou la soci\u00e9t\u00e9 acqu\u00e9rante assumera les droits et obligations tels que d\u00e9crits dans la pr\u00e9sente Politique de confidentialit\u00e9 <\/p>\n\n\n\n<h4 class=\"wp-block-heading\" id=\"1064661103\">Mineurs<\/h4>\n\n\n\n<p>Nous  comprenons l&#8217;importance de la protection des renseignements personnels  des enfants, en particulier dans un environnement en ligne. Le Site n&#8217;a  pas \u00e9t\u00e9 con\u00e7u pour \u00eatre utilis\u00e9 par des enfants. En aucun cas nous  n&#8217;autorisons l&#8217;utilisation de nos services par des mineurs sans le  consentement ou l&#8217;autorisation pr\u00e9alable d&#8217;un parent ou d&#8217;un tuteur  l\u00e9gal. Nous ne collectons pas sciemment d&#8217;Informations personnelles  aupr\u00e8s de mineurs. Si un parent s&#8217;aper\u00e7oit que son enfant nous a fourni  des Informations personnelles sans son consentement (ou si un tuteur se  rend compte que l&#8217;enfant dont il a la responsabilit\u00e9 nous a fourni des  informations personnelles sans son consentement), il ou elle doit nous  contacter soit par voie \u00e9lectronique \u00e0 <a href=\"mailto:contact@association-live.fr\">contact@association-live.fr<\/a> soit par voie  postale \u00e0 Association Live \/ Bar Live &#8211; Service D.P.O &#8211; 301 avenue des Nations Unies &#8211; 59100 Roubaix<br><\/p>\n\n\n\n<h4 class=\"wp-block-heading\" id=\"1144216550\">Mises \u00e0 jour ou modifications de la pr\u00e9sente Politique de confidentialit\u00e9<\/h4>\n\n\n\n<p>Nous  nous r\u00e9servons le droit de modifier ou de r\u00e9viser p\u00e9riodiquement la  politique de confidentialit\u00e9\u00a0; les changements mat\u00e9riels entreront en  vigueur d\u00e8s l&#8217;affichage de la politique de confidentialit\u00e9 r\u00e9vis\u00e9e. La  derni\u00e8re r\u00e9vision sera disponible dans la section \u00ab Derni\u00e8re  modification \u00bb. Votre utilisation continue de la Plateforme, suite \u00e0 la  notification de ces modifications sur notre site web, constitue votre  reconnaissance et votre acceptation desdites modifications et votre  consentement \u00e0 les respecter. <\/p>\n\n\n\n<h4 class=\"wp-block-heading\" id=\"1953255332\">Nous contacter<\/h4>\n\n\n\n<p>Si  vous avez des questions g\u00e9n\u00e9rales concernant le Site ou notre collecte  et notre utilisation des informations vous concernant, veuillez nous  contacter soit par voie \u00e9lectronique \u00e0 <a href=\"mailto:contact@association-live.fr\">contact@association-live.fr<\/a> soit par voie  postale \u00e0 Association Live \/ Bar Live &#8211; Service D.P.O &#8211; 301 avenue des Nations Unies &#8211; 59100 Roubaix<\/p>\n\n\n\n<p>Association Live \/ Bar Live<br>301 avenue des Nations Unies<br>59100 Roubaix<br>SIRET : 400 912 945 00021<\/p>\n\n\n\n<p>Derni\u00e8re modification 29 juillet 2019<\/p>\n","protected":false},"excerpt":{"rendered":"<p>http:\/\/association-live.fr\/ &#8211; Politique de confidentialit\u00e9&nbsp; Introduction La pr\u00e9sente Politique de confidentialit\u00e9 d\u00e9crit les pratiques de l&#8217;Association Live \/ Bar Live (\u00ab nous \u00bb, \u00ab notre \/ nos\u00a0\u00bb ou \u00ab l&#8217;Association&#8230;<\/p>\n","protected":false},"author":12,"featured_media":0,"parent":0,"menu_order":0,"comment_status":"closed","ping_status":"closed","template":"","meta":{"footnotes":""},"class_list":["post-3801","page","type-page","status-publish","hentry"],"_links":{"self":[{"href":"https:\/\/www.live-asso.fr\/WordPress\/wp-json\/wp\/v2\/pages\/3801"}],"collection":[{"href":"https:\/\/www.live-asso.fr\/WordPress\/wp-json\/wp\/v2\/pages"}],"about":[{"href":"https:\/\/www.live-asso.fr\/WordPress\/wp-json\/wp\/v2\/types\/page"}],"author":[{"embeddable":true,"href":"https:\/\/www.live-asso.fr\/WordPress\/wp-json\/wp\/v2\/users\/12"}],"replies":[{"embeddable":true,"href":"https:\/\/www.live-asso.fr\/WordPress\/wp-json\/wp\/v2\/comments?post=3801"}],"version-history":[{"count":5,"href":"https:\/\/www.live-asso.fr\/WordPress\/wp-json\/wp\/v2\/pages\/3801\/revisions"}],"predecessor-version":[{"id":3879,"href":"https:\/\/www.live-asso.fr\/WordPress\/wp-json\/wp\/v2\/pages\/3801\/revisions\/3879"}],"wp:attachment":[{"href":"https:\/\/www.live-asso.fr\/WordPress\/wp-json\/wp\/v2\/media?parent=3801"}],"curies":[{"name":"wp","href":"https:\/\/api.w.org\/{rel}","templated":true}]}}