{"id":58,"date":"2011-12-14T14:58:37","date_gmt":"2011-12-14T14:58:37","guid":{"rendered":"http:\/\/barlive.wordpress.com\/?page_id=58"},"modified":"2023-08-28T12:06:26","modified_gmt":"2023-08-28T10:06:26","slug":"les-salles-de-repet","status":"publish","type":"page","link":"https:\/\/www.live-asso.fr\/WordPress\/les-salles-de-repet\/","title":{"rendered":"Les Studios de r\u00e9pet&#8217;"},"content":{"rendered":"<h3><\/h3>\n<div><a href=\"https:\/\/live-asso.fr\/WordPress\/wp-content\/uploads\/2011\/12\/bar-live-006.jpg\" class=\"pretty_image\" data-rel=\"prettyPhoto[58]\"><img loading=\"lazy\" decoding=\"async\" class=\"wp-image-2904 size-medium alignleft\" src=\"https:\/\/live-asso.fr\/WordPress\/wp-content\/uploads\/2011\/12\/bar-live-006-520x300.jpg\" alt=\"\" width=\"300\" height=\"173\" \/><\/a><\/div>\n<div>L\u2019Association Live propose aux groupes et musiciens deux <strong>studios de r\u00e9p\u00e9titions insonoris\u00e9s <\/strong>de<strong> 20m<sup>2<\/sup><\/strong> chacun,<strong> enti\u00e8rement \u00e9quip\u00e9s :<\/strong><\/div>\n<div>\n<ul>\n<li>une sono (une table de mixage + 2 enceintes) + micros chant<\/li>\n<li>une batterie compl\u00e8te (sans les baguettes)<\/li>\n<li>un ampli basse<\/li>\n<li>deux\u00a0amplis guitare<\/li>\n<li>stands instruments et micros<\/li>\n<\/ul>\n<\/div>\n<div><a href=\"https:\/\/live-asso.fr\/WordPress\/wp-content\/uploads\/2011\/12\/bar-live-007.jpg\" class=\"pretty_image\" data-rel=\"prettyPhoto[58]\"><img loading=\"lazy\" decoding=\"async\" class=\"size-medium wp-image-2905 alignleft\" src=\"https:\/\/live-asso.fr\/WordPress\/wp-content\/uploads\/2011\/12\/bar-live-007-520x300.jpg\" alt=\"\" width=\"300\" height=\"173\" \/><\/a><br \/>\nOuverts <strong>du lundi au vendredi<\/strong> de <strong>10H00 \u00e0 23H00<\/strong> et le <strong>week-end sur demande<\/strong>, de fa\u00e7on <strong>ponctuelle<\/strong> ou sur la base de<strong> forfaits mensuels<\/strong> (r\u00e9servation d&#8217;un cr\u00e9neau horaire r\u00e9gulier). L\u2019Association Live laisse \u00e9galement \u00e0 ses<strong> groupes adh\u00e9rents<\/strong> la possibilit\u00e9 de<strong> se produire sur la sc\u00e8ne du Bar Live<\/strong>. Les groupes<strong> amateurs ou pros<\/strong> ont ainsi l\u2019opportunit\u00e9 de faire <strong>d\u00e9couvrir leurs talents<\/strong> au public dans de <strong>v\u00e9ritables conditions de sc\u00e8ne<\/strong>.<\/div>\n<h3>Tarifs<\/h3>\n<p>Pour un cr\u00e9neau de r\u00e9p\u00e9tition en semaine, le tarif horaire varie de 4\u20ac \u00e0 12\u20ac, en fonction de la tranche horaire et de la fr\u00e9quence du cr\u00e9neau.<br \/>\nAdh\u00e9sion annuelle = 2\u20ac par personne<br \/>\n<a href=\"https:\/\/www.live-asso.fr\/WordPress\/wp-content\/uploads\/2019\/09\/2019_2020_tarifs_studio_repetition.pdf\" target=\"_blank\" rel=\"noopener\">Consulter la grille des tarifs<\/a><\/p>\n<h2>R\u00e9servez un studio !<\/h2>\n<p><a href=\"https:\/\/www.live-asso.fr\/WordPress\/wp-content\/uploads\/2023\/08\/2023_2024_reglement_interieur_studios.pdf\" target=\"_blank\" rel=\"noopener\">R\u00e8glement des studios de r\u00e9p\u00e9tition<\/a><\/p>\n\n<div class=\"wpcf7 no-js\" id=\"wpcf7-f2982-o1\" lang=\"fr-FR\" dir=\"ltr\">\n<div class=\"screen-reader-response\"><p role=\"status\" aria-live=\"polite\" aria-atomic=\"true\"><\/p> <ul><\/ul><\/div>\n<form action=\"\/WordPress\/wp-json\/wp\/v2\/pages\/58#wpcf7-f2982-o1\" method=\"post\" class=\"wpcf7-form init\" aria-label=\"Formulaire de contact\" novalidate=\"novalidate\" data-status=\"init\">\n<div style=\"display: none;\">\n<input type=\"hidden\" name=\"_wpcf7\" value=\"2982\" \/>\n<input type=\"hidden\" name=\"_wpcf7_version\" value=\"5.9.8\" \/>\n<input type=\"hidden\" name=\"_wpcf7_locale\" value=\"fr_FR\" \/>\n<input type=\"hidden\" name=\"_wpcf7_unit_tag\" value=\"wpcf7-f2982-o1\" \/>\n<input type=\"hidden\" name=\"_wpcf7_container_post\" value=\"0\" \/>\n<input type=\"hidden\" name=\"_wpcf7_posted_data_hash\" value=\"\" \/>\n<\/div>\n<p><label> Votre nom (obligatoire)<br \/>\n<span class=\"wpcf7-form-control-wrap\" data-name=\"your-name\"><input size=\"40\" maxlength=\"400\" class=\"wpcf7-form-control wpcf7-text wpcf7-validates-as-required\" aria-required=\"true\" aria-invalid=\"false\" value=\"\" type=\"text\" name=\"your-name\" \/><\/span> <\/label>\n<\/p>\n<p><label> Votre e-mail (obligatoire)<br \/>\n<span class=\"wpcf7-form-control-wrap\" data-name=\"your-email\"><input size=\"40\" maxlength=\"400\" class=\"wpcf7-form-control wpcf7-email wpcf7-validates-as-required wpcf7-text wpcf7-validates-as-email\" aria-required=\"true\" aria-invalid=\"false\" value=\"\" type=\"email\" name=\"your-email\" \/><\/span> <\/label>\n<\/p>\n<p><label> Votre t\u00e9l\u00e9phone (obligatoire)<br \/>\n<span class=\"wpcf7-form-control-wrap\" data-name=\"tel\"><input size=\"40\" maxlength=\"400\" class=\"wpcf7-form-control wpcf7-tel wpcf7-validates-as-required wpcf7-text wpcf7-validates-as-tel\" aria-required=\"true\" aria-invalid=\"false\" value=\"\" type=\"tel\" name=\"tel\" \/><\/span> <\/label>\n<\/p>\n<p><label> Votre groupe<br \/>\n<span class=\"wpcf7-form-control-wrap\" data-name=\"votre-groupe\"><input size=\"40\" maxlength=\"400\" class=\"wpcf7-form-control wpcf7-text\" aria-invalid=\"false\" value=\"\" type=\"text\" name=\"votre-groupe\" \/><\/span> <\/label>\n<\/p>\n<p><label> Votre message<br \/>\n<span class=\"wpcf7-form-control-wrap\" data-name=\"your-message\"><textarea cols=\"40\" rows=\"10\" maxlength=\"2000\" class=\"wpcf7-form-control wpcf7-textarea\" aria-invalid=\"false\" name=\"your-message\"><\/textarea><\/span> <\/label>\n<\/p>\n<p><input class=\"wpcf7-form-control wpcf7-submit has-spinner\" type=\"submit\" value=\"Envoyer\" \/>\n<\/p><div class=\"wpcf7-response-output\" aria-hidden=\"true\"><\/div>\n<\/form>\n<\/div>\n\n","protected":false},"excerpt":{"rendered":"<p>L\u2019Association Live propose aux groupes et musiciens deux studios de r\u00e9p\u00e9titions insonoris\u00e9s de 20m2 chacun, enti\u00e8rement \u00e9quip\u00e9s : une sono (une table de mixage + 2 enceintes) + micros chant&#8230;<\/p>\n","protected":false},"author":12,"featured_media":0,"parent":0,"menu_order":0,"comment_status":"closed","ping_status":"closed","template":"","meta":{"footnotes":""},"class_list":["post-58","page","type-page","status-publish","hentry"],"_links":{"self":[{"href":"https:\/\/www.live-asso.fr\/WordPress\/wp-json\/wp\/v2\/pages\/58"}],"collection":[{"href":"https:\/\/www.live-asso.fr\/WordPress\/wp-json\/wp\/v2\/pages"}],"about":[{"href":"https:\/\/www.live-asso.fr\/WordPress\/wp-json\/wp\/v2\/types\/page"}],"author":[{"embeddable":true,"href":"https:\/\/www.live-asso.fr\/WordPress\/wp-json\/wp\/v2\/users\/12"}],"replies":[{"embeddable":true,"href":"https:\/\/www.live-asso.fr\/WordPress\/wp-json\/wp\/v2\/comments?post=58"}],"version-history":[{"count":54,"href":"https:\/\/www.live-asso.fr\/WordPress\/wp-json\/wp\/v2\/pages\/58\/revisions"}],"predecessor-version":[{"id":5731,"href":"https:\/\/www.live-asso.fr\/WordPress\/wp-json\/wp\/v2\/pages\/58\/revisions\/5731"}],"wp:attachment":[{"href":"https:\/\/www.live-asso.fr\/WordPress\/wp-json\/wp\/v2\/media?parent=58"}],"curies":[{"name":"wp","href":"https:\/\/api.w.org\/{rel}","templated":true}]}}