{"id":901,"date":"2013-01-18T22:33:04","date_gmt":"2013-01-18T20:33:04","guid":{"rendered":"http:\/\/barlive.wordpress.com\/?page_id=901"},"modified":"2024-06-05T15:14:12","modified_gmt":"2024-06-05T13:14:12","slug":"emplois-stages-benevolat","status":"publish","type":"page","link":"https:\/\/www.live-asso.fr\/WordPress\/emplois-stages-benevolat\/","title":{"rendered":"Recrutement"},"content":{"rendered":"<h4><strong>Offres<\/strong><\/h4>\n<p><a href=\"https:\/\/live-asso.fr\/WordPress\/intervenante-ateliers\/\">Intervenant\u00b7es ateliers culturels<\/a><\/p>\n<p><a href=\"http:\/\/www.live-asso.fr\/WordPress\/emplois-stages-benevolat\/benevoles\/\">Appel \u00e0 b\u00e9n\u00e9voles<\/a><\/p>\n<p><a href=\"https:\/\/www.live-asso.fr\/WordPress\/emplois-stages-benevolat\/service-civique\/\" target=\"_blank\" rel=\"noopener\">Animateur(trice) bar<\/a><\/p>\n<p>Pour toute candidature spontan\u00e9e, merci d&#8217;adresser celle-ci \u00e0 l&#8217;Association Live.<\/p>\n<p>Association Live \/ Bar Live<br \/>\n301, avenue des Nations Unies<br \/>\n59100 Roubaix<\/p>\n<p>03 20 80 75 35<\/p>\n<p><a href=\"administration@association-live.fr\">administration@association-live.fr<\/a><\/p>\n","protected":false},"excerpt":{"rendered":"<p>Offres Intervenant\u00b7es ateliers culturels Appel \u00e0 b\u00e9n\u00e9voles Animateur(trice) bar Pour toute candidature spontan\u00e9e, merci d&#8217;adresser celle-ci \u00e0 l&#8217;Association Live. Association Live \/ Bar Live 301, avenue des Nations Unies 59100&#8230;<\/p>\n","protected":false},"author":12,"featured_media":0,"parent":0,"menu_order":5,"comment_status":"open","ping_status":"closed","template":"","meta":{"footnotes":""},"class_list":["post-901","page","type-page","status-publish","hentry"],"_links":{"self":[{"href":"https:\/\/www.live-asso.fr\/WordPress\/wp-json\/wp\/v2\/pages\/901"}],"collection":[{"href":"https:\/\/www.live-asso.fr\/WordPress\/wp-json\/wp\/v2\/pages"}],"about":[{"href":"https:\/\/www.live-asso.fr\/WordPress\/wp-json\/wp\/v2\/types\/page"}],"author":[{"embeddable":true,"href":"https:\/\/www.live-asso.fr\/WordPress\/wp-json\/wp\/v2\/users\/12"}],"replies":[{"embeddable":true,"href":"https:\/\/www.live-asso.fr\/WordPress\/wp-json\/wp\/v2\/comments?post=901"}],"version-history":[{"count":34,"href":"https:\/\/www.live-asso.fr\/WordPress\/wp-json\/wp\/v2\/pages\/901\/revisions"}],"predecessor-version":[{"id":6119,"href":"https:\/\/www.live-asso.fr\/WordPress\/wp-json\/wp\/v2\/pages\/901\/revisions\/6119"}],"wp:attachment":[{"href":"https:\/\/www.live-asso.fr\/WordPress\/wp-json\/wp\/v2\/media?parent=901"}],"curies":[{"name":"wp","href":"https:\/\/api.w.org\/{rel}","templated":true}]}}